{"id":59,"date":"2024-02-16T10:13:45","date_gmt":"2024-02-16T09:13:45","guid":{"rendered":"https:\/\/actinidia.dkonto.pl\/?page_id=59"},"modified":"2026-04-07T14:48:31","modified_gmt":"2026-04-07T12:48:31","slug":"contact","status":"publish","type":"page","link":"https:\/\/lvrwarsaw.com\/pl\/contact\/","title":{"rendered":"Kontakt"},"content":{"rendered":"<style>.kb-row-layout-id59_fd6c7d-39 > .kt-row-column-wrap{align-content:start;}:where(.kb-row-layout-id59_fd6c7d-39 > .kt-row-column-wrap) > .wp-block-kadence-column{justify-content:start;}.kb-row-layout-id59_fd6c7d-39 > .kt-row-column-wrap{column-gap:var(--global-kb-gap-md, 2rem);row-gap:var(--global-kb-gap-md, 2rem);padding-top:var(--global-kb-spacing-3xl, 6.5rem);padding-bottom:var(--global-kb-spacing-sm, 1.5rem);grid-template-columns:minmax(0, 1fr);}.kb-row-layout-id59_fd6c7d-39 > .kt-row-layout-overlay{opacity:0.30;}@media all and (max-width: 1024px){.kb-row-layout-id59_fd6c7d-39 > .kt-row-column-wrap{grid-template-columns:minmax(0, 1fr);}}@media all and (max-width: 767px){.kb-row-layout-id59_fd6c7d-39 > .kt-row-column-wrap{grid-template-columns:minmax(0, 1fr);}}<\/style><div class=\"kb-row-layout-wrap kb-row-layout-id59_fd6c7d-39 alignnone wp-block-kadence-rowlayout\"><div class=\"kt-row-column-wrap kt-has-1-columns kt-row-layout-equal kt-tab-layout-inherit kt-mobile-layout-row kt-row-valign-top\">\n<style>.kadence-column59_b13d6a-f3 > .kt-inside-inner-col,.kadence-column59_b13d6a-f3 > .kt-inside-inner-col:before{border-top-left-radius:0px;border-top-right-radius:0px;border-bottom-right-radius:0px;border-bottom-left-radius:0px;}.kadence-column59_b13d6a-f3 > .kt-inside-inner-col{column-gap:var(--global-kb-gap-sm, 1rem);}.kadence-column59_b13d6a-f3 > .kt-inside-inner-col{flex-direction:column;}.kadence-column59_b13d6a-f3 > .kt-inside-inner-col > .aligncenter{width:100%;}.kadence-column59_b13d6a-f3 > .kt-inside-inner-col:before{opacity:0.3;}.kadence-column59_b13d6a-f3{position:relative;}@media all and (max-width: 1024px){.kadence-column59_b13d6a-f3 > .kt-inside-inner-col{flex-direction:column;justify-content:center;}}@media all and (max-width: 767px){.kadence-column59_b13d6a-f3 > .kt-inside-inner-col{flex-direction:column;justify-content:center;}}<\/style>\n<div class=\"wp-block-kadence-column kadence-column59_b13d6a-f3\"><div class=\"kt-inside-inner-col\"><style>.wp-block-kadence-advancedheading.kt-adv-heading59_b8ce88-5f, .wp-block-kadence-advancedheading.kt-adv-heading59_b8ce88-5f[data-kb-block=\"kb-adv-heading59_b8ce88-5f\"]{text-align:center;font-style:normal;}.wp-block-kadence-advancedheading.kt-adv-heading59_b8ce88-5f mark.kt-highlight, .wp-block-kadence-advancedheading.kt-adv-heading59_b8ce88-5f[data-kb-block=\"kb-adv-heading59_b8ce88-5f\"] mark.kt-highlight{font-style:normal;color:#f76a0c;-webkit-box-decoration-break:clone;box-decoration-break:clone;padding-top:0px;padding-right:0px;padding-bottom:0px;padding-left:0px;}.wp-block-kadence-advancedheading.kt-adv-heading59_b8ce88-5f img.kb-inline-image, .wp-block-kadence-advancedheading.kt-adv-heading59_b8ce88-5f[data-kb-block=\"kb-adv-heading59_b8ce88-5f\"] img.kb-inline-image{width:150px;vertical-align:baseline;}<\/style>\n<h1 class=\"kt-adv-heading59_b8ce88-5f wp-block-kadence-advancedheading\" data-kb-block=\"kb-adv-heading59_b8ce88-5f\">Contact<\/h1>\n<\/div><\/div>\n\n<\/div><\/div>\n\n<style>.kb-row-layout-id59_8dc4fc-e8 > .kt-row-column-wrap{align-content:start;}:where(.kb-row-layout-id59_8dc4fc-e8 > .kt-row-column-wrap) > .wp-block-kadence-column{justify-content:start;}.kb-row-layout-id59_8dc4fc-e8 > .kt-row-column-wrap{column-gap:var(--global-kb-gap-lg, 4rem);row-gap:var(--global-kb-gap-md, 2rem);padding-top:var(--global-kb-spacing-lg, 3rem);padding-bottom:var(--global-kb-spacing-sm, 1.5rem);grid-template-columns:repeat(2, minmax(0, 1fr));}.kb-row-layout-id59_8dc4fc-e8 > .kt-row-layout-overlay{opacity:0.30;}@media all and (max-width: 1024px){.kb-row-layout-id59_8dc4fc-e8 > .kt-row-column-wrap{grid-template-columns:repeat(2, minmax(0, 1fr));}}@media all and (max-width: 767px){.kb-row-layout-id59_8dc4fc-e8 > .kt-row-column-wrap{grid-template-columns:minmax(0, 1fr);}}<\/style><div class=\"kb-row-layout-wrap kb-row-layout-id59_8dc4fc-e8 alignnone wp-block-kadence-rowlayout\"><div class=\"kt-row-column-wrap kt-has-2-columns kt-row-layout-equal kt-tab-layout-inherit kt-mobile-layout-row kt-row-valign-top\">\n<style>.kadence-column59_47c59a-c5 > .kt-inside-inner-col{padding-top:var(--global-kb-spacing-xs, 1rem);}.kadence-column59_47c59a-c5 > .kt-inside-inner-col,.kadence-column59_47c59a-c5 > .kt-inside-inner-col:before{border-top-left-radius:0px;border-top-right-radius:0px;border-bottom-right-radius:0px;border-bottom-left-radius:0px;}.kadence-column59_47c59a-c5 > .kt-inside-inner-col{column-gap:var(--global-kb-gap-sm, 1rem);}.kadence-column59_47c59a-c5 > .kt-inside-inner-col{flex-direction:column;}.kadence-column59_47c59a-c5 > .kt-inside-inner-col > .aligncenter{width:100%;}.kadence-column59_47c59a-c5 > .kt-inside-inner-col:before{opacity:0.3;}.kadence-column59_47c59a-c5{position:relative;}@media all and (max-width: 1024px){.kadence-column59_47c59a-c5 > .kt-inside-inner-col{flex-direction:column;justify-content:center;}}@media all and (max-width: 767px){.kadence-column59_47c59a-c5 > .kt-inside-inner-col{flex-direction:column;justify-content:center;}}<\/style>\n<div class=\"wp-block-kadence-column kadence-column59_47c59a-c5\"><div class=\"kt-inside-inner-col\">\n<p>Whether you are considering a relaxing break or have the need to chat about possibilities for an event, we are looking forward to providing sound advice and options.<\/p>\n\n\n<style>.wp-block-kadence-iconlist.kt-svg-icon-list-items59_733e44-3f:not(.this-stops-third-party-issues){margin-top:0px;margin-bottom:0px;}.wp-block-kadence-iconlist.kt-svg-icon-list-items59_733e44-3f ul.kt-svg-icon-list:not(.this-prevents-issues):not(.this-stops-third-party-issues):not(.tijsloc){margin-top:0px;margin-right:0px;margin-bottom:var(--global-kb-spacing-sm, 1.5rem);margin-left:0px;}.wp-block-kadence-iconlist.kt-svg-icon-list-items59_733e44-3f ul.kt-svg-icon-list{grid-row-gap:5px;}.wp-block-kadence-iconlist.kt-svg-icon-list-items59_733e44-3f .kb-svg-icon-wrap{font-size:21px;color:var(--global-palette1, #3182CE);}.wp-block-kadence-iconlist.kt-svg-icon-list-items59_733e44-3f ul.kt-svg-icon-list .kt-svg-icon-list-item-wrap .kt-svg-icon-list-single{margin-right:10px;}.kt-svg-icon-list-items59_733e44-3f ul.kt-svg-icon-list .kt-svg-icon-list-level-0 .kt-svg-icon-list-single svg{font-size:20px;}<\/style>\n<div class=\"wp-block-kadence-iconlist kt-svg-icon-list-items kt-svg-icon-list-items59_733e44-3f kt-svg-icon-list-columns-1 alignnone\"><ul class=\"kt-svg-icon-list\"><style>.kt-svg-icon-list-item-59_140882-ba .kt-svg-icon-list-text mark.kt-highlight{background-color:unset;font-style:normal;color:#f76a0c;-webkit-box-decoration-break:clone;box-decoration-break:clone;padding-top:0px;padding-right:0px;padding-bottom:0px;padding-left:0px;}<\/style>\n<li class=\"wp-block-kadence-listitem kt-svg-icon-list-item-wrap kt-svg-icon-list-item-59_140882-ba\"><a href=\"mailto:booking@actinidia.com.pl\" class=\"kt-svg-icon-link\"><span class=\"kb-svg-icon-wrap kb-svg-icon-fe_mail kt-svg-icon-list-single\"><svg viewBox=\"0 0 24 24\"  fill=\"none\" stroke=\"currentColor\" stroke-width=\"2\" stroke-linecap=\"round\" stroke-linejoin=\"round\" xmlns=\"http:\/\/www.w3.org\/2000\/svg\"  aria-hidden=\"true\"><path d=\"M4 4h16c1.1 0 2 .9 2 2v12c0 1.1-.9 2-2 2H4c-1.1 0-2-.9-2-2V6c0-1.1.9-2 2-2z\"\/><polyline points=\"22,6 12,13 2,6\"\/><\/svg><\/span><span class=\"kt-svg-icon-list-text\"><a href=\"mailto:booking@lvrwarsaw.com\">booking@lvrwarsaw.com<\/a><\/span><\/a><\/li>\n<\/ul><\/div>\n<\/div><\/div>\n\n\n<style>.kadence-column59_3050ec-a9 > .kt-inside-inner-col,.kadence-column59_3050ec-a9 > .kt-inside-inner-col:before{border-top-left-radius:0px;border-top-right-radius:0px;border-bottom-right-radius:0px;border-bottom-left-radius:0px;}.kadence-column59_3050ec-a9 > .kt-inside-inner-col{column-gap:var(--global-kb-gap-sm, 1rem);}.kadence-column59_3050ec-a9 > .kt-inside-inner-col{flex-direction:column;}.kadence-column59_3050ec-a9 > .kt-inside-inner-col > .aligncenter{width:100%;}.kadence-column59_3050ec-a9 > .kt-inside-inner-col:before{opacity:0.3;}.kadence-column59_3050ec-a9{position:relative;}@media all and (max-width: 1024px){.kadence-column59_3050ec-a9 > .kt-inside-inner-col{flex-direction:column;justify-content:center;}}@media all and (max-width: 767px){.kadence-column59_3050ec-a9 > .kt-inside-inner-col{flex-direction:column;justify-content:center;}}<\/style>\n<div class=\"wp-block-kadence-column kadence-column59_3050ec-a9\"><div class=\"kt-inside-inner-col\"><style>.wp-block-kadence-advanced-form158-cpt-id .kb-advanced-form input[type=text],.wp-block-kadence-advanced-form158-cpt-id .kb-advanced-form input[type=tel],.wp-block-kadence-advanced-form158-cpt-id .kb-advanced-form input[type=number],.wp-block-kadence-advanced-form158-cpt-id .kb-advanced-form input[type=date],.wp-block-kadence-advanced-form158-cpt-id .kb-advanced-form input[type=time],.wp-block-kadence-advanced-form158-cpt-id .kb-advanced-form input[type=email],.wp-block-kadence-advanced-form158-cpt-id .kb-advanced-form input[type=file],.wp-block-kadence-advanced-form158-cpt-id .kb-advanced-form select,.wp-block-kadence-advanced-form158-cpt-id .kb-advanced-form textarea{color:var(--global-palette9, #ffffff);}.wp-block-kadence-advanced-form158-cpt-id{color-scheme:dark;--kb-form-text-color:var(--global-palette9, #ffffff);--kb-form-background-color:rgba(0,0,0,0);}.wp-block-kadence-advanced-form158-cpt-id input[type=text]:focus,.wp-block-kadence-advanced-form158-cpt-id input[type=email]:focus,.wp-block-kadence-advanced-form158-cpt-id input[type=tel]:focus,.wp-block-kadence-advanced-form158-cpt-id input[type=date]:focus,.wp-block-kadence-advanced-form158-cpt-id input[type=number]:focus,.wp-block-kadence-advanced-form158-cpt-id input[type=time]:focus,.wp-block-kadence-advanced-form158-cpt-id input[type=file]:focus,.wp-block-kadence-advanced-form158-cpt-id select:focus,.wp-block-kadence-advanced-form158-cpt-id textarea:focus{border-color:var(--global-palette1);}.wp-block-kadence-advanced-form158-cpt-id .kb-adv-form-field .kb-adv-form-label{font-size:var(--global-kb-font-size-sm, 0.9rem);}<\/style><div class=\"wp-block-kadence-advanced-form wp-block-kadence-advanced-form158-cpt-id kb-adv-form-label-style-normal kb-adv-form-input-size-large kb-form-basic-style kb-form-is-dark wp-block-kadence-advanced-form\"><form id=\"kb-adv-form-158-cpt-id\" class=\"kb-advanced-form\" method=\"post\">\n<style>.kb-row-layout-id59_7ab20c-4f > .kt-row-column-wrap{align-content:start;}:where(.kb-row-layout-id59_7ab20c-4f > .kt-row-column-wrap) > .wp-block-kadence-column{justify-content:start;}.kb-row-layout-id59_7ab20c-4f > .kt-row-column-wrap{column-gap:var(--global-kb-gap-sm, 1rem);row-gap:var(--global-kb-gap-md, 2rem);padding-top:0px;padding-right:0px;padding-bottom:0px;padding-left:0px;grid-template-columns:repeat(2, minmax(0, 1fr));}.kb-row-layout-id59_7ab20c-4f > .kt-row-layout-overlay{opacity:0.30;}@media all and (max-width: 1024px){.kb-row-layout-id59_7ab20c-4f > .kt-row-column-wrap{grid-template-columns:repeat(2, minmax(0, 1fr));}}@media all and (max-width: 767px){.kb-row-layout-id59_7ab20c-4f > .kt-row-column-wrap{grid-template-columns:minmax(0, 1fr);}}<\/style><div class=\"kb-row-layout-wrap kb-row-layout-id59_7ab20c-4f alignnone wp-block-kadence-rowlayout\"><div class=\"kt-row-column-wrap kt-has-2-columns kt-row-layout-equal kt-tab-layout-inherit kt-mobile-layout-row kt-row-valign-top\">\n<style>.kadence-column59_77efaf-ed > .kt-inside-inner-col,.kadence-column59_77efaf-ed > .kt-inside-inner-col:before{border-top-left-radius:0px;border-top-right-radius:0px;border-bottom-right-radius:0px;border-bottom-left-radius:0px;}.kadence-column59_77efaf-ed > .kt-inside-inner-col{column-gap:var(--global-kb-gap-sm, 1rem);}.kadence-column59_77efaf-ed > .kt-inside-inner-col{flex-direction:column;}.kadence-column59_77efaf-ed > .kt-inside-inner-col > .aligncenter{width:100%;}.kadence-column59_77efaf-ed > .kt-inside-inner-col:before{opacity:0.3;}.kadence-column59_77efaf-ed{position:relative;}@media all and (max-width: 1024px){.kadence-column59_77efaf-ed > .kt-inside-inner-col{flex-direction:column;justify-content:center;}}@media all and (max-width: 767px){.kadence-column59_77efaf-ed > .kt-inside-inner-col{flex-direction:column;justify-content:center;}}<\/style>\n<div class=\"wp-block-kadence-column kadence-column59_77efaf-ed\"><div class=\"kt-inside-inner-col\"><div class=\"kb-adv-form-field kb-adv-form-text-type-input kb-adv-form-infield-type-input kb-field158cb5b68-aa wp-block-kadence-advanced-form-text\"><label class=\"kb-adv-form-label\" for=\"field158cb5b68-aa\">Name<\/label><input name=\"fieldcb5b68-aa\" id=\"field158cb5b68-aa\" data-label=\"Name\" type=\"text\" placeholder=\"\" value=\"\" data-type=\"text\" class=\"kb-field kb-text-field\" data-required=\"no\" \/><\/div><\/div><\/div>\n\n\n<style>.kadence-column59_4c7f2b-72 > .kt-inside-inner-col,.kadence-column59_4c7f2b-72 > .kt-inside-inner-col:before{border-top-left-radius:0px;border-top-right-radius:0px;border-bottom-right-radius:0px;border-bottom-left-radius:0px;}.kadence-column59_4c7f2b-72 > .kt-inside-inner-col{column-gap:var(--global-kb-gap-sm, 1rem);}.kadence-column59_4c7f2b-72 > .kt-inside-inner-col{flex-direction:column;}.kadence-column59_4c7f2b-72 > .kt-inside-inner-col > .aligncenter{width:100%;}.kadence-column59_4c7f2b-72 > .kt-inside-inner-col:before{opacity:0.3;}.kadence-column59_4c7f2b-72{position:relative;}@media all and (max-width: 1024px){.kadence-column59_4c7f2b-72 > .kt-inside-inner-col{flex-direction:column;justify-content:center;}}@media all and (max-width: 767px){.kadence-column59_4c7f2b-72 > .kt-inside-inner-col{flex-direction:column;justify-content:center;}}<\/style>\n<div class=\"wp-block-kadence-column kadence-column59_4c7f2b-72\"><div class=\"kt-inside-inner-col\"><div class=\"kb-adv-form-field kb-adv-form-text-type-input kb-adv-form-infield-type-input kb-field15881e112-80 wp-block-kadence-advanced-form-text\"><label class=\"kb-adv-form-label\" for=\"field15881e112-80\">Surname<\/label><input name=\"field81e112-80\" id=\"field15881e112-80\" data-label=\"Surname\" type=\"text\" placeholder=\"\" value=\"\" data-type=\"text\" class=\"kb-field kb-text-field\" data-required=\"no\" \/><\/div><\/div><\/div>\n\n<\/div><\/div>\n\n<style>.kb-row-layout-id59_da9237-ca > .kt-row-column-wrap{align-content:start;}:where(.kb-row-layout-id59_da9237-ca > .kt-row-column-wrap) > .wp-block-kadence-column{justify-content:start;}.kb-row-layout-id59_da9237-ca > .kt-row-column-wrap{column-gap:var(--global-kb-gap-sm, 1rem);row-gap:var(--global-kb-gap-md, 2rem);padding-top:0px;padding-right:0px;padding-bottom:0px;padding-left:0px;grid-template-columns:repeat(2, minmax(0, 1fr));}.kb-row-layout-id59_da9237-ca > .kt-row-layout-overlay{opacity:0.30;}@media all and (max-width: 1024px){.kb-row-layout-id59_da9237-ca > .kt-row-column-wrap{grid-template-columns:repeat(2, minmax(0, 1fr));}}@media all and (max-width: 767px){.kb-row-layout-id59_da9237-ca > .kt-row-column-wrap{grid-template-columns:minmax(0, 1fr);}}<\/style><div class=\"kb-row-layout-wrap kb-row-layout-id59_da9237-ca alignnone wp-block-kadence-rowlayout\"><div class=\"kt-row-column-wrap kt-has-2-columns kt-row-layout-equal kt-tab-layout-inherit kt-mobile-layout-row kt-row-valign-top\">\n<style>.kadence-column59_294f5d-7e > .kt-inside-inner-col,.kadence-column59_294f5d-7e > .kt-inside-inner-col:before{border-top-left-radius:0px;border-top-right-radius:0px;border-bottom-right-radius:0px;border-bottom-left-radius:0px;}.kadence-column59_294f5d-7e > .kt-inside-inner-col{column-gap:var(--global-kb-gap-sm, 1rem);}.kadence-column59_294f5d-7e > .kt-inside-inner-col{flex-direction:column;}.kadence-column59_294f5d-7e > .kt-inside-inner-col > .aligncenter{width:100%;}.kadence-column59_294f5d-7e > .kt-inside-inner-col:before{opacity:0.3;}.kadence-column59_294f5d-7e{position:relative;}@media all and (max-width: 1024px){.kadence-column59_294f5d-7e > .kt-inside-inner-col{flex-direction:column;justify-content:center;}}@media all and (max-width: 767px){.kadence-column59_294f5d-7e > .kt-inside-inner-col{flex-direction:column;justify-content:center;}}<\/style>\n<div class=\"wp-block-kadence-column kadence-column59_294f5d-7e\"><div class=\"kt-inside-inner-col\"><div class=\"kb-adv-form-field kb-adv-form-text-type-input kb-adv-form-infield-type-input kb-field1582113a7-ff wp-block-kadence-advanced-form-telephone\"><label class=\"kb-adv-form-label\" for=\"field1582113a7-ff\">Phone number<\/label><input name=\"field2113a7-ff\" id=\"field1582113a7-ff\" data-label=\"Phone number\" type=\"tel\" placeholder=\"\" value=\"\" data-type=\"tel\" class=\"kb-field kb-tel-field\" data-required=\"no\" \/><\/div><\/div><\/div>\n\n\n<style>.kadence-column59_11ecee-0e > .kt-inside-inner-col,.kadence-column59_11ecee-0e > .kt-inside-inner-col:before{border-top-left-radius:0px;border-top-right-radius:0px;border-bottom-right-radius:0px;border-bottom-left-radius:0px;}.kadence-column59_11ecee-0e > .kt-inside-inner-col{column-gap:var(--global-kb-gap-sm, 1rem);}.kadence-column59_11ecee-0e > .kt-inside-inner-col{flex-direction:column;}.kadence-column59_11ecee-0e > .kt-inside-inner-col > .aligncenter{width:100%;}.kadence-column59_11ecee-0e > .kt-inside-inner-col:before{opacity:0.3;}.kadence-column59_11ecee-0e{position:relative;}@media all and (max-width: 1024px){.kadence-column59_11ecee-0e > .kt-inside-inner-col{flex-direction:column;justify-content:center;}}@media all and (max-width: 767px){.kadence-column59_11ecee-0e > .kt-inside-inner-col{flex-direction:column;justify-content:center;}}<\/style>\n<div class=\"wp-block-kadence-column kadence-column59_11ecee-0e\"><div class=\"kt-inside-inner-col\"><div class=\"kb-adv-form-field kb-adv-form-text-type-input kb-adv-form-infield-type-input kb-field1580ddc69-d7 wp-block-kadence-advanced-form-email\"><label class=\"kb-adv-form-label\" for=\"field1580ddc69-d7\">Email<span class=\"kb-adv-form-required\">*<\/span><\/label><input name=\"field0ddc69-d7\" id=\"field1580ddc69-d7\" data-label=\"Email\" type=\"email\" placeholder=\"\" value=\"\" data-type=\"email\" class=\"kb-field kb-email-field\" data-required=\"yes\" required aria-required=\"true\"\/><\/div><\/div><\/div>\n\n<\/div><\/div>\n\n<div class=\"kb-adv-form-field kb-adv-form-text-type-input kb-adv-form-infield-type-input kb-field1582d3e6c-6c wp-block-kadence-advanced-form-text\"><label class=\"kb-adv-form-label\" for=\"field1582d3e6c-6c\">Name of Villa Requested<span class=\"kb-adv-form-required\">*<\/span><\/label><input name=\"field2d3e6c-6c\" id=\"field1582d3e6c-6c\" data-label=\"Name of Villa Requested\" type=\"text\" placeholder=\"\" value=\"\" data-type=\"text\" class=\"kb-field kb-text-field\" data-required=\"yes\" required aria-required=\"true\"\/><\/div>\n\n<div class=\"kb-adv-form-field kb-adv-form-text-type-input kb-adv-form-infield-type-input kb-field158ff3f15-70 wp-block-kadence-advanced-form-textarea\"><label class=\"kb-adv-form-label\" for=\"field158ff3f15-70\">Message<span class=\"kb-adv-form-required\">*<\/span><\/label><textarea name=\"fieldff3f15-70\" id=\"field158ff3f15-70\" rows=\"3\"  data-label=\"Message\" placeholder=\"\" data-type=\"textarea\" class=\"kb-field kb-textarea-field\" data-required=\"yes\" required aria-required=\"true\"><\/textarea><\/div>\n\n<style>ul.menu .kb-submit-field .kb-btnaa1bcd-da.kb-button{width:initial;}.kb-submit-field.kb-fieldaa1bcd-da{justify-content:flex-start;}<\/style><div class=\"kb-adv-form-field kb-submit-field kb-fieldaa1bcd-da wp-block-kadence-advanced-form-submit\"><button class=\"kb-button kt-button button kb-adv-form-submit-button kb-btnaa1bcd-da kt-btn-size-standard kt-btn-width-type-auto kb-btn-global-inherit kt-btn-has-text-true kt-btn-has-svg-false wp-block-button__link\" type=\"submit\"><span class=\"kt-btn-inner-text\">Submit enquiry<\/span><\/button><\/div>\n<input type=\"hidden\" name=\"_kb_adv_form_post_id\" value=\"158\"><input type=\"hidden\" name=\"action\" value=\"kb_process_advanced_form_submit\"><input type=\"hidden\" name=\"_kb_adv_form_id\" value=\"158-cpt-id\"><\/form><\/div><\/div><\/div>\n\n<\/div><\/div>","protected":false},"excerpt":{"rendered":"<p>Skontaktuj si\u0119 z nami Niezale\u017cnie od tego, czy zastanawiasz si\u0119 nad relaksuj\u0105cym wypoczynkiem, czy te\u017c chcesz porozmawia\u0107 o mo\u017cliwo\u015bciach organizacji wydarzenia, z przyjemno\u015bci\u0105 udzielimy rzetelnych porad i przedstawimy odpowiednie opcje.<\/p>","protected":false},"author":1,"featured_media":0,"parent":0,"menu_order":0,"comment_status":"closed","ping_status":"closed","template":"","meta":{"_acf_changed":false,"inline_featured_image":false,"_kad_blocks_custom_css":"","_kad_blocks_head_custom_js":"","_kad_blocks_body_custom_js":"","_kad_blocks_footer_custom_js":"","_kad_post_transparent":"","_kad_post_title":"","_kad_post_layout":"","_kad_post_sidebar_id":"","_kad_post_content_style":"","_kad_post_vertical_padding":"","_kad_post_feature":"","_kad_post_feature_position":"","_kad_post_header":false,"_kad_post_footer":false,"_kad_post_classname":"","footnotes":""},"class_list":["post-59","page","type-page","status-publish","hentry"],"acf":[],"yoast_head":"<!-- This site is optimized with the Yoast SEO plugin v27.3 - https:\/\/yoast.com\/product\/yoast-seo-wordpress\/ -->\n<title>Contact LVR Warsaw | Plan Your Perfect Stay or Event<\/title>\n<meta name=\"description\" content=\"Contact LVR Warsaw for personalized villa rentals and event planning. Call +48 502 242 518 or email booking@lvrwarsaw.com for tailored option\" \/>\n<meta name=\"robots\" content=\"index, follow, max-snippet:-1, max-image-preview:large, max-video-preview:-1\" \/>\n<link rel=\"canonical\" href=\"https:\/\/lvrwarsaw.com\/pl\/contact\/\" \/>\n<meta property=\"og:locale\" content=\"pl_PL\" \/>\n<meta property=\"og:type\" content=\"article\" \/>\n<meta property=\"og:title\" content=\"Contact LVR Warsaw | Plan Your Perfect Stay or Event\" \/>\n<meta property=\"og:description\" content=\"Contact LVR Warsaw for personalized villa rentals and event planning. Call +48 502 242 518 or email booking@lvrwarsaw.com for tailored option\" \/>\n<meta property=\"og:url\" content=\"https:\/\/lvrwarsaw.com\/pl\/contact\/\" \/>\n<meta property=\"og:site_name\" content=\"LVR Warsaw\" \/>\n<meta property=\"article:publisher\" content=\"https:\/\/www.facebook.com\/profile.php?id=61561175542417\" \/>\n<meta property=\"article:modified_time\" content=\"2026-04-07T12:48:31+00:00\" \/>\n<meta name=\"twitter:card\" content=\"summary_large_image\" \/>\n<meta name=\"twitter:label1\" content=\"Szacowany czas czytania\" \/>\n\t<meta name=\"twitter:data1\" content=\"1 minuta\" \/>\n<!-- \/ Yoast SEO plugin. -->","yoast_head_json":{"title":"Skontaktuj si\u0119 z LVR Warsaw | Zaplanuj sw\u00f3j idealny pobyt lub wydarzenie","description":"Skontaktuj si\u0119 z LVR Warsaw w sprawie spersonalizowanego wynajmu willi i planowania wydarze\u0144. Zadzwo\u0144 pod numer +48 502 242 518 lub wy\u015blij e-mail na adres booking@lvrwarsaw.com, aby uzyska\u0107 dopasowan\u0105 opcj\u0119","robots":{"index":"index","follow":"follow","max-snippet":"max-snippet:-1","max-image-preview":"max-image-preview:large","max-video-preview":"max-video-preview:-1"},"canonical":"https:\/\/lvrwarsaw.com\/pl\/contact\/","og_locale":"pl_PL","og_type":"article","og_title":"Contact LVR Warsaw | Plan Your Perfect Stay or Event","og_description":"Contact LVR Warsaw for personalized villa rentals and event planning. Call +48 502 242 518 or email booking@lvrwarsaw.com for tailored option","og_url":"https:\/\/lvrwarsaw.com\/pl\/contact\/","og_site_name":"LVR Warsaw","article_publisher":"https:\/\/www.facebook.com\/profile.php?id=61561175542417","article_modified_time":"2026-04-07T12:48:31+00:00","twitter_card":"summary_large_image","twitter_misc":{"Szacowany czas czytania":"1 minuta"},"schema":{"@context":"https:\/\/schema.org","@graph":[{"@type":"WebPage","@id":"https:\/\/lvrwarsaw.com\/contact\/","url":"https:\/\/lvrwarsaw.com\/contact\/","name":"Skontaktuj si\u0119 z LVR Warsaw | Zaplanuj sw\u00f3j idealny pobyt lub wydarzenie","isPartOf":{"@id":"https:\/\/lvrwarsaw.com\/#website"},"datePublished":"2024-02-16T09:13:45+00:00","dateModified":"2026-04-07T12:48:31+00:00","description":"Skontaktuj si\u0119 z LVR Warsaw w sprawie spersonalizowanego wynajmu willi i planowania wydarze\u0144. Zadzwo\u0144 pod numer +48 502 242 518 lub wy\u015blij e-mail na adres booking@lvrwarsaw.com, aby uzyska\u0107 dopasowan\u0105 opcj\u0119","breadcrumb":{"@id":"https:\/\/lvrwarsaw.com\/contact\/#breadcrumb"},"inLanguage":"pl-PL","potentialAction":[{"@type":"ReadAction","target":["https:\/\/lvrwarsaw.com\/contact\/"]}]},{"@type":"BreadcrumbList","@id":"https:\/\/lvrwarsaw.com\/contact\/#breadcrumb","itemListElement":[{"@type":"ListItem","position":1,"name":"Home","item":"https:\/\/lvrwarsaw.com\/"},{"@type":"ListItem","position":2,"name":"Contact"}]},{"@type":"WebSite","@id":"https:\/\/lvrwarsaw.com\/#website","url":"https:\/\/lvrwarsaw.com\/","name":"LVR Warszawa","description":"Wynajem luksusowych willi","publisher":{"@id":"https:\/\/lvrwarsaw.com\/#organization"},"potentialAction":[{"@type":"SearchAction","target":{"@type":"EntryPoint","urlTemplate":"https:\/\/lvrwarsaw.com\/?s={search_term_string}"},"query-input":{"@type":"PropertyValueSpecification","valueRequired":true,"valueName":"search_term_string"}}],"inLanguage":"pl-PL"},{"@type":"Organization","@id":"https:\/\/lvrwarsaw.com\/#organization","name":"LVR Warszawa","url":"https:\/\/lvrwarsaw.com\/","logo":{"@type":"ImageObject","inLanguage":"pl-PL","@id":"https:\/\/lvrwarsaw.com\/#\/schema\/logo\/image\/","url":"https:\/\/lvrwarsaw.com\/wp-content\/uploads\/2024\/03\/logo.png","contentUrl":"https:\/\/lvrwarsaw.com\/wp-content\/uploads\/2024\/03\/logo.png","width":274,"height":115,"caption":"LVR Warsaw"},"image":{"@id":"https:\/\/lvrwarsaw.com\/#\/schema\/logo\/image\/"},"sameAs":["https:\/\/www.facebook.com\/profile.php?id=61561175542417"]}]}},"taxonomy_info":[],"featured_image_src_large":false,"author_info":{"display_name":"admin","author_link":"https:\/\/lvrwarsaw.com\/pl\/author\/admin\/"},"comment_info":0,"_links":{"self":[{"href":"https:\/\/lvrwarsaw.com\/pl\/wp-json\/wp\/v2\/pages\/59","targetHints":{"allow":["GET"]}}],"collection":[{"href":"https:\/\/lvrwarsaw.com\/pl\/wp-json\/wp\/v2\/pages"}],"about":[{"href":"https:\/\/lvrwarsaw.com\/pl\/wp-json\/wp\/v2\/types\/page"}],"author":[{"embeddable":true,"href":"https:\/\/lvrwarsaw.com\/pl\/wp-json\/wp\/v2\/users\/1"}],"replies":[{"embeddable":true,"href":"https:\/\/lvrwarsaw.com\/pl\/wp-json\/wp\/v2\/comments?post=59"}],"version-history":[{"count":20,"href":"https:\/\/lvrwarsaw.com\/pl\/wp-json\/wp\/v2\/pages\/59\/revisions"}],"predecessor-version":[{"id":1428,"href":"https:\/\/lvrwarsaw.com\/pl\/wp-json\/wp\/v2\/pages\/59\/revisions\/1428"}],"wp:attachment":[{"href":"https:\/\/lvrwarsaw.com\/pl\/wp-json\/wp\/v2\/media?parent=59"}],"curies":[{"name":"wp","href":"https:\/\/api.w.org\/{rel}","templated":true}]}}